{"id":627,"date":"2023-08-22T13:32:01","date_gmt":"2023-08-22T13:32:01","guid":{"rendered":"https:\/\/malagafoodguide.com\/wordpress\/?page_id=627"},"modified":"2023-09-29T14:15:38","modified_gmt":"2023-09-29T14:15:38","slug":"the-picoteo","status":"publish","type":"page","link":"https:\/\/themalagafoodguide.com\/index.php\/the-picoteo\/","title":{"rendered":"The Picoteo"},"content":{"rendered":"\t\t<div data-elementor-type=\"wp-page\" data-elementor-id=\"627\" class=\"elementor elementor-627\">\n\t\t\t\t\t\t<section class=\"elementor-section elementor-top-section elementor-element elementor-element-b5567bc elementor-section-boxed elementor-section-height-default elementor-section-height-default\" data-id=\"b5567bc\" data-element_type=\"section\" data-e-type=\"section\">\n\t\t\t\t\t\t<div class=\"elementor-container elementor-column-gap-default\">\n\t\t\t\t\t<div class=\"elementor-column elementor-col-100 elementor-top-column elementor-element elementor-element-64c1992\" data-id=\"64c1992\" data-element_type=\"column\" data-e-type=\"column\">\n\t\t\t<div class=\"elementor-widget-wrap elementor-element-populated\">\n\t\t\t\t\t\t<div class=\"elementor-element elementor-element-9ff273a elementor-widget elementor-widget-wp-widget-custom_html\" data-id=\"9ff273a\" data-element_type=\"widget\" data-e-type=\"widget\" data-widget_type=\"wp-widget-custom_html.default\">\n\t\t\t\t<div class=\"elementor-widget-container\">\n\t\t\t\t\t<div class=\"textwidget custom-html-widget\"><\/div>\t\t\t\t<\/div>\n\t\t\t\t<\/div>\n\t\t\t\t\t<\/div>\n\t\t<\/div>\n\t\t\t\t\t<\/div>\n\t\t<\/section>\n\t\t\t\t<section class=\"elementor-section elementor-top-section elementor-element elementor-element-e56ac20 elementor-section-boxed elementor-section-height-default elementor-section-height-default\" data-id=\"e56ac20\" data-element_type=\"section\" data-e-type=\"section\">\n\t\t\t\t\t\t<div class=\"elementor-container elementor-column-gap-default\">\n\t\t\t\t\t<div class=\"elementor-column elementor-col-100 elementor-top-column elementor-element elementor-element-9315562\" data-id=\"9315562\" data-element_type=\"column\" data-e-type=\"column\">\n\t\t\t<div class=\"elementor-widget-wrap elementor-element-populated\">\n\t\t\t\t\t\t<div class=\"elementor-element elementor-element-d0b9161 elementor-widget elementor-widget-text-editor\" data-id=\"d0b9161\" data-element_type=\"widget\" data-e-type=\"widget\" data-widget_type=\"text-editor.default\">\n\t\t\t\t<div class=\"elementor-widget-container\">\n\t\t\t\t\t\t\t\t\t<p><strong>Review: The Picoteo, Fuengirola<\/strong><\/p>\t\t\t\t\t\t\t\t<\/div>\n\t\t\t\t<\/div>\n\t\t\t\t\t<\/div>\n\t\t<\/div>\n\t\t\t\t\t<\/div>\n\t\t<\/section>\n\t\t\t\t<section class=\"elementor-section elementor-top-section elementor-element elementor-element-102ce25 elementor-section-boxed elementor-section-height-default elementor-section-height-default\" data-id=\"102ce25\" data-element_type=\"section\" data-e-type=\"section\">\n\t\t\t\t\t\t<div class=\"elementor-container elementor-column-gap-default\">\n\t\t\t\t\t<div class=\"elementor-column elementor-col-100 elementor-top-column elementor-element elementor-element-296b272\" data-id=\"296b272\" data-element_type=\"column\" data-e-type=\"column\">\n\t\t\t<div class=\"elementor-widget-wrap elementor-element-populated\">\n\t\t\t\t\t\t<div class=\"elementor-element elementor-element-dffc9ba elementor-widget elementor-widget-wp-widget-custom_html\" data-id=\"dffc9ba\" data-element_type=\"widget\" data-e-type=\"widget\" data-widget_type=\"wp-widget-custom_html.default\">\n\t\t\t\t<div class=\"elementor-widget-container\">\n\t\t\t\t\t<div class=\"textwidget custom-html-widget\"><div class=\"separator\" style=\"clear: both;text-align: center\">\r\n<\/div>\r\n<div class=\"separator\" style=\"clear: both;text-align: center\"><div class=\"separator\" style=\"clear: both;text-align: center\"><a href=\"https:\/\/1.bp.blogspot.com\/-weyqxez7kEQ\/YAmZR4tbmEI\/AAAAAAAACAc\/NChVxsOPjhQtojnwUW6XubZDE-m7QaarACLcBGAsYHQ\/s1602\/Review_Picoteo_2018.png\" style=\"margin-left: 1em;margin-right: 1em\"><span style=\"font-family: Montserrat\"><img fetchpriority=\"high\" decoding=\"async\" border=\"0\" data-original-height=\"901\" data-original-width=\"1602\" height=\"360\" src=\"https:\/\/1.bp.blogspot.com\/-weyqxez7kEQ\/YAmZR4tbmEI\/AAAAAAAACAc\/NChVxsOPjhQtojnwUW6XubZDE-m7QaarACLcBGAsYHQ\/w640-h360\/Review_Picoteo_2018.png\" width=\"640\" \/><\/span><\/a><\/div><span style=\"font-family: Montserrat\"><br \/><br \/><\/span><div class=\"separator\" style=\"clear: both;text-align: left\"><b><span style=\"font-family: Montserrat;font-size: medium\">The Picoteo, Fuengirola - Simply Superb Spanish Cuisine 8.5\/10<\/span><\/b><\/div><\/div><div><span style=\"font-family: Montserrat;font-size: medium\"><span><b>\"A Magical <\/b><\/span><b>Gastrobar<\/b><span><b>&nbsp;set in the Secret Square\"<\/b><\/span><\/span><\/div><div><span style=\"font-size: medium\"><span style=\"font-family: Montserrat\"><b><br \/><\/b><\/span><\/span><\/div><div><span style=\"font-size: medium\"><span style=\"font-family: Montserrat\"><b><br \/><\/b><\/span><\/span><\/div><div><\/div><div><div style=\"text-align: left\"><span style=\"font-family: Montserrat;font-size: medium\"><span>We were first <\/span><span>introduced to this little jewel over four years ago, since when I have been a regular whether just for a glass of wine and some gastro tapas or a sumptuous lunch this is one of my true favourites.<\/span><\/span><\/div><div style=\"text-align: left\"><span style=\"font-family: Montserrat;font-size: medium\"><br \/><\/span><\/div>\r\n<span style=\"font-family: Montserrat\"><span style=\"font-size: medium\"><span><span><span><span><span>Set in the Plaza de Chinorros literally behind the central post office (Correos) in the heart of Fuengirola the <b>Gastro Taberna Picoteo<\/b> offers superb food at realistic prices and always friendly but efficient service and alongside myself is a firm favourite with locals and a good following of tourists.<\/span><\/span><\/span><\/span><br \/>\r\n<span><span><span><span><br \/><\/span><\/span><\/span><\/span>\r\n<span><span><span><span>For me there are two spectacular dishes, the <i>Kokotxas de Bacalao al Pil Pil<\/i> beautifully prepared and presented <i>Cod Cheeks Pil Pil <\/i>style just sublime and the <i>Corte de Cochinill Tostada Peras Salteadas<\/i> \u2013 A slow roasted <i>Sucking pig served with Saut\u00e9ed Pears<\/i> \u2013 however I am happy to recommend the entire menu which I can\u2019t say very often as I simply have never had a bad meal there.<\/span><\/span><\/span><\/span><\/span><br \/><\/span>\r\n<span><br \/><\/span>\r\n<br \/>\r\n<\/span><div class=\"separator\" style=\"clear: both;text-align: center\">\r\n<span style=\"font-family: Montserrat\"><a href=\"https:\/\/3.bp.blogspot.com\/-lX-xOIAU8QU\/W4T8jD3R7MI\/AAAAAAAABHE\/tCEQkW7eeCgZwJg5Qq5yMdEDt7zTtPNnQCLcBGAs\/s1600\/Picoteo_Montage.png\" style=\"clear: center;float: center;margin-bottom: 1em;margin-right: 1em\"><img decoding=\"async\" alt=\"The M\u00e1laga Food Guide, M\u00e1laga Food Guide, M\u00e1laga Food News, Restaurant Review, Gastro Taberna Picoteo, Fuengirola,\" border=\"0\" data-original-height=\"157\" data-original-width=\"943\" height=\"106\" src=\"https:\/\/3.bp.blogspot.com\/-lX-xOIAU8QU\/W4T8jD3R7MI\/AAAAAAAABHE\/tCEQkW7eeCgZwJg5Qq5yMdEDt7zTtPNnQCLcBGAs\/s640\/Picoteo_Montage.png\" title=\"Restaurant Review ~ The Picoteo, a magical gastrobar in Fuengirola\u00b4s secret square\" width=\"640\" \/><\/a><\/span><\/div>\r\n<span><b><span style=\"font-family: Montserrat;font-size: medium\"><div><span><b><span style=\"font-size: medium\"><br \/><\/span><\/b><\/span><\/div><div><div style=\"text-align: center\"><b><span style=\"font-size: medium\">Simply Superb - 4.0<\/span><\/b><\/div><div class=\"separator\" style=\"clear: both;text-align: center\"><a href=\"https:\/\/1.bp.blogspot.com\/-Ep7Nw7pWO_U\/YAlwRrTsfyI\/AAAAAAAACAQ\/fufbm5WJW4s1psAvRFaP_QKpP0yBSb1xwCLcBGAsYHQ\/s471\/4.0_Scoring.png\" style=\"margin-left: 1em;margin-right: 1em\"><img decoding=\"async\" border=\"0\" data-original-height=\"101\" data-original-width=\"471\" height=\"43\" src=\"https:\/\/1.bp.blogspot.com\/-Ep7Nw7pWO_U\/YAlwRrTsfyI\/AAAAAAAACAQ\/fufbm5WJW4s1psAvRFaP_QKpP0yBSb1xwCLcBGAsYHQ\/w200-h43\/4.0_Scoring.png\" width=\"200\" \/><\/a><\/div><\/div><\/span><\/b><\/span><\/div><div><span style=\"font-family: Montserrat\"><br \/><\/span><\/div><div><span style=\"font-family: Montserrat;font-size: medium\">\r\n<span><span><span><span><b>At a Glance <\/b><\/span><\/span><\/span><\/span><br \/>\r\n<span><span><span><span>Price Range: From \u20ac20 per head<\/span><\/span><\/span><\/span><br \/>\r\n<span><span><span><span>Dress Code: Casual<\/span><\/span><\/span><\/span><br \/>\r\n<span><span><span><span>Ambiance: Casual\/Family Friendly<\/span><\/span><\/span><\/span><br \/>\r\n<span><span><span><span><br \/><\/span><\/span><\/span><\/span>\r\n<span><span><span><span><b>The Picoteo<\/b><\/span><\/span><\/span><\/span><br \/>\r\n<span><span><span><span>Calle Larga, 4<\/span><\/span><\/span><\/span><br \/>\r\n<span><span><span><span>La Plaza de Los Chinorros, Fuengirola, M\u00e1laga, 29640<\/span><\/span><\/span><\/span><br \/>\r\n<span><span><span><span>Opening Hours: 1200 - 2400<\/span><\/span><\/span><\/span><br \/>\r\n<span><span><span><span>Tel: 952 467 542<\/span><\/span><\/span><\/span><br \/>\r\n<span><span><span><span>Find Them: <a href=\"https:\/\/www.google.es\/maps\/dir\/''\/picoteo+fuengi\/@36.537899,-4.6935882,12z\/data=!3m1!4b1!4m8!4m7!1m0!1m5!1m1!1s0xd72e26b3bc77141:0xb3ff7fddbdef3f16!2m2!1d-4.6235481!2d36.5379195\" target=\"_blank\"><span style=\"color: #FF3C10\">Google Maps<\/span><\/a><\/span><\/span><\/span><\/span><br \/>\r\n<span><span><span><span>More at: <span style=\"color: #FF3C10\"><a href=\"http:\/\/picoteo.es\/\" target=\"_blank\">www.gastrotabernapicoteo.com<\/a><\/span><\/span><\/span><\/span><\/span><\/span><\/div><div><span style=\"color: #ff6700;font-family: Montserrat;font-size: medium\"><br \/><\/span><\/div><div><span style=\"font-family: Montserrat\"><span style=\"color: #FF3C10;font-size: medium\"><br \/><\/span>\r\n<\/span><div class=\"separator\" style=\"clear: both;text-align: center\">\r\n<span style=\"font-size: small\"><span style=\"font-family: Montserrat\"><br \/><\/span><\/span><\/div>\r\n<div class=\"separator\" style=\"clear: both;text-align: center\">\r\n<\/div>\r\n<div class=\"separator\" style=\"clear: both;text-align: center\">\r\n<\/div>\r\n<\/div><br \/><\/div>\t\t\t\t<\/div>\n\t\t\t\t<\/div>\n\t\t\t\t\t<\/div>\n\t\t<\/div>\n\t\t\t\t\t<\/div>\n\t\t<\/section>\n\t\t\t\t<\/div>\n\t\t","protected":false},"excerpt":{"rendered":"<p>Review: The Picoteo, Fuengirola<\/p>\n","protected":false},"author":1,"featured_media":0,"parent":0,"menu_order":0,"comment_status":"closed","ping_status":"closed","template":"","meta":{"cybocfi_hide_featured_image":"","footnotes":""},"class_list":["post-627","page","type-page","status-publish","hentry"],"yoast_head":"<!-- This site is optimized with the Yoast SEO plugin v27.4 - https:\/\/yoast.com\/product\/yoast-seo-wordpress\/ -->\n<title>The Picoteo - themalagafoodguide.com<\/title>\n<meta name=\"description\" content=\"The M\u00e1laga Food Guide - First for M\u00e1laga Food &amp; Lifestyle News. Launched in 2014 The M\u00e1laga Food Guide continues to be the Leading Gourmet&#039;s Guide celebrating the vibrant and eclectic food &amp; lifestyle scene in M\u00e1laga Province.\" \/>\n<meta name=\"robots\" content=\"index, follow, max-snippet:-1, max-image-preview:large, max-video-preview:-1\" \/>\n<link rel=\"canonical\" href=\"https:\/\/themalagafoodguide.com\/index.php\/the-picoteo\/\" \/>\n<meta property=\"og:locale\" content=\"en_GB\" \/>\n<meta property=\"og:type\" content=\"article\" \/>\n<meta property=\"og:title\" content=\"The Picoteo - themalagafoodguide.com\" \/>\n<meta property=\"og:description\" content=\"The M\u00e1laga Food Guide - First for M\u00e1laga Food &amp; Lifestyle News. Launched in 2014 The M\u00e1laga Food Guide continues to be the Leading Gourmet&#039;s Guide celebrating the vibrant and eclectic food &amp; lifestyle scene in M\u00e1laga Province.\" \/>\n<meta property=\"og:url\" content=\"https:\/\/themalagafoodguide.com\/index.php\/the-picoteo\/\" \/>\n<meta property=\"og:site_name\" content=\"themalagafoodguide.com\" \/>\n<meta property=\"article:publisher\" content=\"https:\/\/www.facebook.com\/MalagaFoodGuide\" \/>\n<meta property=\"article:modified_time\" content=\"2023-09-29T14:15:38+00:00\" \/>\n<meta property=\"og:image\" content=\"https:\/\/themalagafoodguide.com\/wp-content\/uploads\/2023\/10\/MFG_FrontCover.png\" \/>\n\t<meta property=\"og:image:width\" content=\"1232\" \/>\n\t<meta property=\"og:image:height\" content=\"847\" \/>\n\t<meta property=\"og:image:type\" content=\"image\/png\" \/>\n<meta name=\"twitter:card\" content=\"summary_large_image\" \/>\n<meta name=\"twitter:site\" content=\"@malagafoodguide\" \/>\n<meta name=\"twitter:label1\" content=\"Estimated reading time\" \/>\n\t<meta name=\"twitter:data1\" content=\"2 minutes\" \/>\n<script type=\"application\/ld+json\" class=\"yoast-schema-graph\">{\"@context\":\"https:\\\/\\\/schema.org\",\"@graph\":[{\"@type\":\"WebPage\",\"@id\":\"https:\\\/\\\/themalagafoodguide.com\\\/index.php\\\/the-picoteo\\\/\",\"url\":\"https:\\\/\\\/themalagafoodguide.com\\\/index.php\\\/the-picoteo\\\/\",\"name\":\"The Picoteo - themalagafoodguide.com\",\"isPartOf\":{\"@id\":\"https:\\\/\\\/themalagafoodguide.com\\\/#website\"},\"datePublished\":\"2023-08-22T13:32:01+00:00\",\"dateModified\":\"2023-09-29T14:15:38+00:00\",\"description\":\"The M\u00e1laga Food Guide - First for M\u00e1laga Food & Lifestyle News. Launched in 2014 The M\u00e1laga Food Guide continues to be the Leading Gourmet's Guide celebrating the vibrant and eclectic food & lifestyle scene in M\u00e1laga Province.\",\"breadcrumb\":{\"@id\":\"https:\\\/\\\/themalagafoodguide.com\\\/index.php\\\/the-picoteo\\\/#breadcrumb\"},\"inLanguage\":\"en-GB\",\"potentialAction\":[{\"@type\":\"ReadAction\",\"target\":[\"https:\\\/\\\/themalagafoodguide.com\\\/index.php\\\/the-picoteo\\\/\"]}]},{\"@type\":\"BreadcrumbList\",\"@id\":\"https:\\\/\\\/themalagafoodguide.com\\\/index.php\\\/the-picoteo\\\/#breadcrumb\",\"itemListElement\":[{\"@type\":\"ListItem\",\"position\":1,\"name\":\"Home\",\"item\":\"https:\\\/\\\/themalagafoodguide.com\\\/\"},{\"@type\":\"ListItem\",\"position\":2,\"name\":\"The Picoteo\"}]},{\"@type\":\"WebSite\",\"@id\":\"https:\\\/\\\/themalagafoodguide.com\\\/#website\",\"url\":\"https:\\\/\\\/themalagafoodguide.com\\\/\",\"name\":\"themalagafoodguide.com\",\"description\":\"First for M\u00e1laga Food News ...\",\"publisher\":{\"@id\":\"https:\\\/\\\/themalagafoodguide.com\\\/#organization\"},\"potentialAction\":[{\"@type\":\"SearchAction\",\"target\":{\"@type\":\"EntryPoint\",\"urlTemplate\":\"https:\\\/\\\/themalagafoodguide.com\\\/?s={search_term_string}\"},\"query-input\":{\"@type\":\"PropertyValueSpecification\",\"valueRequired\":true,\"valueName\":\"search_term_string\"}}],\"inLanguage\":\"en-GB\"},{\"@type\":\"Organization\",\"@id\":\"https:\\\/\\\/themalagafoodguide.com\\\/#organization\",\"name\":\"Argus IIS\",\"alternateName\":\"iXlabs\",\"url\":\"https:\\\/\\\/themalagafoodguide.com\\\/\",\"logo\":{\"@type\":\"ImageObject\",\"inLanguage\":\"en-GB\",\"@id\":\"https:\\\/\\\/themalagafoodguide.com\\\/#\\\/schema\\\/logo\\\/image\\\/\",\"url\":\"https:\\\/\\\/themalagafoodguide.com\\\/wp-content\\\/uploads\\\/2023\\\/10\\\/MFG_Favicon_Blue.png\",\"contentUrl\":\"https:\\\/\\\/themalagafoodguide.com\\\/wp-content\\\/uploads\\\/2023\\\/10\\\/MFG_Favicon_Blue.png\",\"width\":225,\"height\":225,\"caption\":\"Argus IIS\"},\"image\":{\"@id\":\"https:\\\/\\\/themalagafoodguide.com\\\/#\\\/schema\\\/logo\\\/image\\\/\"},\"sameAs\":[\"https:\\\/\\\/www.facebook.com\\\/MalagaFoodGuide\",\"https:\\\/\\\/x.com\\\/malagafoodguide\",\"https:\\\/\\\/www.instagram.com\\\/malagafoodguide2023\\\/\"]}]}<\/script>\n<!-- \/ Yoast SEO plugin. -->","yoast_head_json":{"title":"The Picoteo - themalagafoodguide.com","description":"The M\u00e1laga Food Guide - First for M\u00e1laga Food & Lifestyle News. Launched in 2014 The M\u00e1laga Food Guide continues to be the Leading Gourmet's Guide celebrating the vibrant and eclectic food & lifestyle scene in M\u00e1laga Province.","robots":{"index":"index","follow":"follow","max-snippet":"max-snippet:-1","max-image-preview":"max-image-preview:large","max-video-preview":"max-video-preview:-1"},"canonical":"https:\/\/themalagafoodguide.com\/index.php\/the-picoteo\/","og_locale":"en_GB","og_type":"article","og_title":"The Picoteo - themalagafoodguide.com","og_description":"The M\u00e1laga Food Guide - First for M\u00e1laga Food & Lifestyle News. Launched in 2014 The M\u00e1laga Food Guide continues to be the Leading Gourmet's Guide celebrating the vibrant and eclectic food & lifestyle scene in M\u00e1laga Province.","og_url":"https:\/\/themalagafoodguide.com\/index.php\/the-picoteo\/","og_site_name":"themalagafoodguide.com","article_publisher":"https:\/\/www.facebook.com\/MalagaFoodGuide","article_modified_time":"2023-09-29T14:15:38+00:00","og_image":[{"width":1232,"height":847,"url":"https:\/\/themalagafoodguide.com\/wp-content\/uploads\/2023\/10\/MFG_FrontCover.png","type":"image\/png"}],"twitter_card":"summary_large_image","twitter_site":"@malagafoodguide","twitter_misc":{"Estimated reading time":"2 minutes"},"schema":{"@context":"https:\/\/schema.org","@graph":[{"@type":"WebPage","@id":"https:\/\/themalagafoodguide.com\/index.php\/the-picoteo\/","url":"https:\/\/themalagafoodguide.com\/index.php\/the-picoteo\/","name":"The Picoteo - themalagafoodguide.com","isPartOf":{"@id":"https:\/\/themalagafoodguide.com\/#website"},"datePublished":"2023-08-22T13:32:01+00:00","dateModified":"2023-09-29T14:15:38+00:00","description":"The M\u00e1laga Food Guide - First for M\u00e1laga Food & Lifestyle News. Launched in 2014 The M\u00e1laga Food Guide continues to be the Leading Gourmet's Guide celebrating the vibrant and eclectic food & lifestyle scene in M\u00e1laga Province.","breadcrumb":{"@id":"https:\/\/themalagafoodguide.com\/index.php\/the-picoteo\/#breadcrumb"},"inLanguage":"en-GB","potentialAction":[{"@type":"ReadAction","target":["https:\/\/themalagafoodguide.com\/index.php\/the-picoteo\/"]}]},{"@type":"BreadcrumbList","@id":"https:\/\/themalagafoodguide.com\/index.php\/the-picoteo\/#breadcrumb","itemListElement":[{"@type":"ListItem","position":1,"name":"Home","item":"https:\/\/themalagafoodguide.com\/"},{"@type":"ListItem","position":2,"name":"The Picoteo"}]},{"@type":"WebSite","@id":"https:\/\/themalagafoodguide.com\/#website","url":"https:\/\/themalagafoodguide.com\/","name":"themalagafoodguide.com","description":"First for M\u00e1laga Food News ...","publisher":{"@id":"https:\/\/themalagafoodguide.com\/#organization"},"potentialAction":[{"@type":"SearchAction","target":{"@type":"EntryPoint","urlTemplate":"https:\/\/themalagafoodguide.com\/?s={search_term_string}"},"query-input":{"@type":"PropertyValueSpecification","valueRequired":true,"valueName":"search_term_string"}}],"inLanguage":"en-GB"},{"@type":"Organization","@id":"https:\/\/themalagafoodguide.com\/#organization","name":"Argus IIS","alternateName":"iXlabs","url":"https:\/\/themalagafoodguide.com\/","logo":{"@type":"ImageObject","inLanguage":"en-GB","@id":"https:\/\/themalagafoodguide.com\/#\/schema\/logo\/image\/","url":"https:\/\/themalagafoodguide.com\/wp-content\/uploads\/2023\/10\/MFG_Favicon_Blue.png","contentUrl":"https:\/\/themalagafoodguide.com\/wp-content\/uploads\/2023\/10\/MFG_Favicon_Blue.png","width":225,"height":225,"caption":"Argus IIS"},"image":{"@id":"https:\/\/themalagafoodguide.com\/#\/schema\/logo\/image\/"},"sameAs":["https:\/\/www.facebook.com\/MalagaFoodGuide","https:\/\/x.com\/malagafoodguide","https:\/\/www.instagram.com\/malagafoodguide2023\/"]}]}},"_links":{"self":[{"href":"https:\/\/themalagafoodguide.com\/index.php\/wp-json\/wp\/v2\/pages\/627","targetHints":{"allow":["GET"]}}],"collection":[{"href":"https:\/\/themalagafoodguide.com\/index.php\/wp-json\/wp\/v2\/pages"}],"about":[{"href":"https:\/\/themalagafoodguide.com\/index.php\/wp-json\/wp\/v2\/types\/page"}],"author":[{"embeddable":true,"href":"https:\/\/themalagafoodguide.com\/index.php\/wp-json\/wp\/v2\/users\/1"}],"replies":[{"embeddable":true,"href":"https:\/\/themalagafoodguide.com\/index.php\/wp-json\/wp\/v2\/comments?post=627"}],"version-history":[{"count":16,"href":"https:\/\/themalagafoodguide.com\/index.php\/wp-json\/wp\/v2\/pages\/627\/revisions"}],"predecessor-version":[{"id":2009,"href":"https:\/\/themalagafoodguide.com\/index.php\/wp-json\/wp\/v2\/pages\/627\/revisions\/2009"}],"wp:attachment":[{"href":"https:\/\/themalagafoodguide.com\/index.php\/wp-json\/wp\/v2\/media?parent=627"}],"curies":[{"name":"wp","href":"https:\/\/api.w.org\/{rel}","templated":true}]}}