{"id":620,"date":"2023-08-22T13:28:02","date_gmt":"2023-08-22T13:28:02","guid":{"rendered":"https:\/\/malagafoodguide.com\/wordpress\/?page_id=620"},"modified":"2023-09-29T13:45:20","modified_gmt":"2023-09-29T13:45:20","slug":"escuela-de-hosteleria","status":"publish","type":"page","link":"https:\/\/themalagafoodguide.com\/index.php\/escuela-de-hosteleria\/","title":{"rendered":"Escuela de Hosteler\u00eda"},"content":{"rendered":"\t\t<div data-elementor-type=\"wp-page\" data-elementor-id=\"620\" class=\"elementor elementor-620\">\n\t\t\t\t\t\t<section class=\"elementor-section elementor-top-section elementor-element elementor-element-ab3cc33 elementor-section-boxed elementor-section-height-default elementor-section-height-default\" data-id=\"ab3cc33\" data-element_type=\"section\" data-e-type=\"section\">\n\t\t\t\t\t\t<div class=\"elementor-container elementor-column-gap-default\">\n\t\t\t\t\t<div class=\"elementor-column elementor-col-100 elementor-top-column elementor-element elementor-element-dedefc6\" data-id=\"dedefc6\" data-element_type=\"column\" data-e-type=\"column\">\n\t\t\t<div class=\"elementor-widget-wrap elementor-element-populated\">\n\t\t\t\t\t\t<div class=\"elementor-element elementor-element-55e4d02 elementor-widget elementor-widget-text-editor\" data-id=\"55e4d02\" data-element_type=\"widget\" data-e-type=\"widget\" data-widget_type=\"text-editor.default\">\n\t\t\t\t<div class=\"elementor-widget-container\">\n\t\t\t\t\t\t\t\t\t<p><strong>Escuela de Hosteler\u00eda in Benahavis Review<\/strong><\/p>\t\t\t\t\t\t\t\t<\/div>\n\t\t\t\t<\/div>\n\t\t\t\t\t<\/div>\n\t\t<\/div>\n\t\t\t\t\t<\/div>\n\t\t<\/section>\n\t\t\t\t<section class=\"elementor-section elementor-top-section elementor-element elementor-element-25de71e elementor-section-boxed elementor-section-height-default elementor-section-height-default\" data-id=\"25de71e\" data-element_type=\"section\" data-e-type=\"section\">\n\t\t\t\t\t\t<div class=\"elementor-container elementor-column-gap-default\">\n\t\t\t\t\t<div class=\"elementor-column elementor-col-100 elementor-top-column elementor-element elementor-element-671dbb3\" data-id=\"671dbb3\" data-element_type=\"column\" data-e-type=\"column\">\n\t\t\t<div class=\"elementor-widget-wrap elementor-element-populated\">\n\t\t\t\t\t\t<div class=\"elementor-element elementor-element-9ab95e9 elementor-widget elementor-widget-wp-widget-custom_html\" data-id=\"9ab95e9\" data-element_type=\"widget\" data-e-type=\"widget\" data-widget_type=\"wp-widget-custom_html.default\">\n\t\t\t\t<div class=\"elementor-widget-container\">\n\t\t\t\t\t<div class=\"textwidget custom-html-widget\"><div class=\"separator\" style=\"clear: both;text-align: center\">\r\n<\/div>\r\n<div class=\"separator\" style=\"clear: both;text-align: center\">\r\n<a href=\"https:\/\/4.bp.blogspot.com\/-Mm50TP7EOAI\/W6o8OwDmftI\/AAAAAAAABNk\/1LBIkbQP89ErstTLk2PAJtooUy2nZUprACLcBGAs\/s1600\/Escuela.png\" style=\"margin-left: 1em;margin-right: 1em\"><span style=\"font-family: Montserrat\"><img fetchpriority=\"high\" decoding=\"async\" border=\"0\" data-original-height=\"419\" data-original-width=\"753\" height=\"356\" src=\"https:\/\/4.bp.blogspot.com\/-Mm50TP7EOAI\/W6o8OwDmftI\/AAAAAAAABNk\/1LBIkbQP89ErstTLk2PAJtooUy2nZUprACLcBGAs\/s640\/Escuela.png\" width=\"640\" \/><\/span><\/a><\/div>\r\n<span style=\"font-family: Montserrat\"><br \/>\r\n<span><b><span><span><span><br \/><\/span><\/span><\/span><\/b><\/span><\/span><div><b><span><span><span style=\"font-family: Montserrat\">True foodies really need to pay a visit to the Escuela de Hosteler\u00eda in Benahavis<\/span><\/span><\/span><\/b><\/div><div>\r\n<span><span style=\"font-family: Montserrat\"><br \/><\/span><\/span><div style=\"text-align: center\"><span style=\"font-family: Montserrat\"><span><span><span>&nbsp;<\/span><\/span><\/span><span><span><span><span><span><b><span><i><span style=\"color: #FF3C10\">\"The menu is the essence of seasonality\"<\/span><\/i><\/span><\/b><\/span><\/span><\/span><\/span><\/span><\/span><\/div>\r\n<span style=\"font-family: Montserrat\"><span><span><br \/><\/span>\r\n<span><span><span><span><span>The\r\n school is noted because of the sheer attention to detail displayed by \r\nthe teachers and students alike and its fantastic position and \r\nspectacular views, situated as it is between the coast and the \r\nmountains.<\/span>&nbsp;<\/span><\/span><\/span><br \/>\r\n<span><br \/><\/span>\r\n<span><span><span><span>The\r\n menu is the essence of seasonality, with the master menu changing at \r\nleast 3 times per school year, with the majority of the products used, \r\nsourced direct from M\u00e1laga as a result of their link&nbsp;&nbsp;&nbsp; with the <b>\u201cSabor a M\u00e1laga\u201d<\/b> project initiated by the provincial government.<\/span><\/span><\/span><\/span><br \/>\r\n<span><br \/><\/span>\r\n<span><span><span><span>In\r\n addition to the \u00e0 la carte, the restaurant offers both wine -pairing \r\nand two tasting menus daily priced at between \u20ac32 &amp; \u20ac38 and those \r\nvisiting on either a Monday or Wednesday can take advantage of a \r\ndiscounted rate of \u20ac28 \u2013 however, you will need to book well in advance \r\nto take advantage of these days! A Malaga Food Guide Ranking of 8.5<span>\/10 Highly Recommended!<\/span><\/span><\/span><\/span><\/span><\/span><\/span><br \/>\r\n<span><span><span><span><br \/><\/span><\/span><\/span><\/span>\r\n<span><span><b><span><span>El Restaurante Escuela<\/span><\/span><\/b><\/span><\/span><br \/>\r\n<span><span><span><span>Avda Andaluc\u00eda 31,<\/span><\/span><\/span><\/span><br \/>\r\n<span><span><span><span>29679 Benahavis, Andaluc\u00eda<\/span><\/span><\/span><\/span><br \/>\r\n<span><span><span><span>Opening Hours: 13:30h a 15:30h<\/span><\/span><\/span><\/span><br \/>\r\n<span><span><span><span>Email: <a href=\"mailto:reservas@escuelahosteleria.es\"><span style=\"color: #FF3C10\">reservas@escuelahosteleria.es<\/span><\/a><\/span><\/span><\/span><\/span><br \/>\r\n<span><span><span><span>Reservations: 952 855 242<\/span><\/span><\/span><\/span><br \/><\/span>\r\n<span style=\"font-family: inherit\"><br \/><\/span>\r\n<\/div><\/div>\t\t\t\t<\/div>\n\t\t\t\t<\/div>\n\t\t\t\t\t<\/div>\n\t\t<\/div>\n\t\t\t\t\t<\/div>\n\t\t<\/section>\n\t\t\t\t<\/div>\n\t\t","protected":false},"excerpt":{"rendered":"<p>Escuela de Hosteler\u00eda in Benahavis Review<\/p>\n","protected":false},"author":1,"featured_media":0,"parent":0,"menu_order":0,"comment_status":"closed","ping_status":"closed","template":"","meta":{"cybocfi_hide_featured_image":"","footnotes":""},"class_list":["post-620","page","type-page","status-publish","hentry"],"yoast_head":"<!-- This site is optimized with the Yoast SEO plugin v27.4 - https:\/\/yoast.com\/product\/yoast-seo-wordpress\/ -->\n<title>Escuela de Hosteler\u00eda - themalagafoodguide.com<\/title>\n<meta name=\"description\" content=\"The M\u00e1laga Food Guide - First for M\u00e1laga Food &amp; Lifestyle News. Launched in 2014 The M\u00e1laga Food Guide continues to be the Leading Gourmet&#039;s Guide celebrating the vibrant and eclectic food &amp; lifestyle scene in M\u00e1laga Province.\" \/>\n<meta name=\"robots\" content=\"index, follow, max-snippet:-1, max-image-preview:large, max-video-preview:-1\" \/>\n<link rel=\"canonical\" href=\"https:\/\/themalagafoodguide.com\/index.php\/escuela-de-hosteleria\/\" \/>\n<meta property=\"og:locale\" content=\"en_GB\" \/>\n<meta property=\"og:type\" content=\"article\" \/>\n<meta property=\"og:title\" content=\"Escuela de Hosteler\u00eda - themalagafoodguide.com\" \/>\n<meta property=\"og:description\" content=\"The M\u00e1laga Food Guide - First for M\u00e1laga Food &amp; Lifestyle News. Launched in 2014 The M\u00e1laga Food Guide continues to be the Leading Gourmet&#039;s Guide celebrating the vibrant and eclectic food &amp; lifestyle scene in M\u00e1laga Province.\" \/>\n<meta property=\"og:url\" content=\"https:\/\/themalagafoodguide.com\/index.php\/escuela-de-hosteleria\/\" \/>\n<meta property=\"og:site_name\" content=\"themalagafoodguide.com\" \/>\n<meta property=\"article:publisher\" content=\"https:\/\/www.facebook.com\/MalagaFoodGuide\" \/>\n<meta property=\"article:modified_time\" content=\"2023-09-29T13:45:20+00:00\" \/>\n<meta property=\"og:image\" content=\"https:\/\/themalagafoodguide.com\/wp-content\/uploads\/2023\/10\/MFG_FrontCover.png\" \/>\n\t<meta property=\"og:image:width\" content=\"1232\" \/>\n\t<meta property=\"og:image:height\" content=\"847\" \/>\n\t<meta property=\"og:image:type\" content=\"image\/png\" \/>\n<meta name=\"twitter:card\" content=\"summary_large_image\" \/>\n<meta name=\"twitter:site\" content=\"@malagafoodguide\" \/>\n<meta name=\"twitter:label1\" content=\"Estimated reading time\" \/>\n\t<meta name=\"twitter:data1\" content=\"2 minutes\" \/>\n<script type=\"application\/ld+json\" class=\"yoast-schema-graph\">{\"@context\":\"https:\\\/\\\/schema.org\",\"@graph\":[{\"@type\":\"WebPage\",\"@id\":\"https:\\\/\\\/themalagafoodguide.com\\\/index.php\\\/escuela-de-hosteleria\\\/\",\"url\":\"https:\\\/\\\/themalagafoodguide.com\\\/index.php\\\/escuela-de-hosteleria\\\/\",\"name\":\"Escuela de Hosteler\u00eda - themalagafoodguide.com\",\"isPartOf\":{\"@id\":\"https:\\\/\\\/themalagafoodguide.com\\\/#website\"},\"datePublished\":\"2023-08-22T13:28:02+00:00\",\"dateModified\":\"2023-09-29T13:45:20+00:00\",\"description\":\"The M\u00e1laga Food Guide - First for M\u00e1laga Food & Lifestyle News. Launched in 2014 The M\u00e1laga Food Guide continues to be the Leading Gourmet's Guide celebrating the vibrant and eclectic food & lifestyle scene in M\u00e1laga Province.\",\"breadcrumb\":{\"@id\":\"https:\\\/\\\/themalagafoodguide.com\\\/index.php\\\/escuela-de-hosteleria\\\/#breadcrumb\"},\"inLanguage\":\"en-GB\",\"potentialAction\":[{\"@type\":\"ReadAction\",\"target\":[\"https:\\\/\\\/themalagafoodguide.com\\\/index.php\\\/escuela-de-hosteleria\\\/\"]}]},{\"@type\":\"BreadcrumbList\",\"@id\":\"https:\\\/\\\/themalagafoodguide.com\\\/index.php\\\/escuela-de-hosteleria\\\/#breadcrumb\",\"itemListElement\":[{\"@type\":\"ListItem\",\"position\":1,\"name\":\"Home\",\"item\":\"https:\\\/\\\/themalagafoodguide.com\\\/\"},{\"@type\":\"ListItem\",\"position\":2,\"name\":\"Escuela de Hosteler\u00eda\"}]},{\"@type\":\"WebSite\",\"@id\":\"https:\\\/\\\/themalagafoodguide.com\\\/#website\",\"url\":\"https:\\\/\\\/themalagafoodguide.com\\\/\",\"name\":\"themalagafoodguide.com\",\"description\":\"First for M\u00e1laga Food News ...\",\"publisher\":{\"@id\":\"https:\\\/\\\/themalagafoodguide.com\\\/#organization\"},\"potentialAction\":[{\"@type\":\"SearchAction\",\"target\":{\"@type\":\"EntryPoint\",\"urlTemplate\":\"https:\\\/\\\/themalagafoodguide.com\\\/?s={search_term_string}\"},\"query-input\":{\"@type\":\"PropertyValueSpecification\",\"valueRequired\":true,\"valueName\":\"search_term_string\"}}],\"inLanguage\":\"en-GB\"},{\"@type\":\"Organization\",\"@id\":\"https:\\\/\\\/themalagafoodguide.com\\\/#organization\",\"name\":\"Argus IIS\",\"alternateName\":\"iXlabs\",\"url\":\"https:\\\/\\\/themalagafoodguide.com\\\/\",\"logo\":{\"@type\":\"ImageObject\",\"inLanguage\":\"en-GB\",\"@id\":\"https:\\\/\\\/themalagafoodguide.com\\\/#\\\/schema\\\/logo\\\/image\\\/\",\"url\":\"https:\\\/\\\/themalagafoodguide.com\\\/wp-content\\\/uploads\\\/2023\\\/10\\\/MFG_Favicon_Blue.png\",\"contentUrl\":\"https:\\\/\\\/themalagafoodguide.com\\\/wp-content\\\/uploads\\\/2023\\\/10\\\/MFG_Favicon_Blue.png\",\"width\":225,\"height\":225,\"caption\":\"Argus IIS\"},\"image\":{\"@id\":\"https:\\\/\\\/themalagafoodguide.com\\\/#\\\/schema\\\/logo\\\/image\\\/\"},\"sameAs\":[\"https:\\\/\\\/www.facebook.com\\\/MalagaFoodGuide\",\"https:\\\/\\\/x.com\\\/malagafoodguide\",\"https:\\\/\\\/www.instagram.com\\\/malagafoodguide2023\\\/\"]}]}<\/script>\n<!-- \/ Yoast SEO plugin. -->","yoast_head_json":{"title":"Escuela de Hosteler\u00eda - themalagafoodguide.com","description":"The M\u00e1laga Food Guide - First for M\u00e1laga Food & Lifestyle News. Launched in 2014 The M\u00e1laga Food Guide continues to be the Leading Gourmet's Guide celebrating the vibrant and eclectic food & lifestyle scene in M\u00e1laga Province.","robots":{"index":"index","follow":"follow","max-snippet":"max-snippet:-1","max-image-preview":"max-image-preview:large","max-video-preview":"max-video-preview:-1"},"canonical":"https:\/\/themalagafoodguide.com\/index.php\/escuela-de-hosteleria\/","og_locale":"en_GB","og_type":"article","og_title":"Escuela de Hosteler\u00eda - themalagafoodguide.com","og_description":"The M\u00e1laga Food Guide - First for M\u00e1laga Food & Lifestyle News. Launched in 2014 The M\u00e1laga Food Guide continues to be the Leading Gourmet's Guide celebrating the vibrant and eclectic food & lifestyle scene in M\u00e1laga Province.","og_url":"https:\/\/themalagafoodguide.com\/index.php\/escuela-de-hosteleria\/","og_site_name":"themalagafoodguide.com","article_publisher":"https:\/\/www.facebook.com\/MalagaFoodGuide","article_modified_time":"2023-09-29T13:45:20+00:00","og_image":[{"width":1232,"height":847,"url":"https:\/\/themalagafoodguide.com\/wp-content\/uploads\/2023\/10\/MFG_FrontCover.png","type":"image\/png"}],"twitter_card":"summary_large_image","twitter_site":"@malagafoodguide","twitter_misc":{"Estimated reading time":"2 minutes"},"schema":{"@context":"https:\/\/schema.org","@graph":[{"@type":"WebPage","@id":"https:\/\/themalagafoodguide.com\/index.php\/escuela-de-hosteleria\/","url":"https:\/\/themalagafoodguide.com\/index.php\/escuela-de-hosteleria\/","name":"Escuela de Hosteler\u00eda - themalagafoodguide.com","isPartOf":{"@id":"https:\/\/themalagafoodguide.com\/#website"},"datePublished":"2023-08-22T13:28:02+00:00","dateModified":"2023-09-29T13:45:20+00:00","description":"The M\u00e1laga Food Guide - First for M\u00e1laga Food & Lifestyle News. Launched in 2014 The M\u00e1laga Food Guide continues to be the Leading Gourmet's Guide celebrating the vibrant and eclectic food & lifestyle scene in M\u00e1laga Province.","breadcrumb":{"@id":"https:\/\/themalagafoodguide.com\/index.php\/escuela-de-hosteleria\/#breadcrumb"},"inLanguage":"en-GB","potentialAction":[{"@type":"ReadAction","target":["https:\/\/themalagafoodguide.com\/index.php\/escuela-de-hosteleria\/"]}]},{"@type":"BreadcrumbList","@id":"https:\/\/themalagafoodguide.com\/index.php\/escuela-de-hosteleria\/#breadcrumb","itemListElement":[{"@type":"ListItem","position":1,"name":"Home","item":"https:\/\/themalagafoodguide.com\/"},{"@type":"ListItem","position":2,"name":"Escuela de Hosteler\u00eda"}]},{"@type":"WebSite","@id":"https:\/\/themalagafoodguide.com\/#website","url":"https:\/\/themalagafoodguide.com\/","name":"themalagafoodguide.com","description":"First for M\u00e1laga Food News ...","publisher":{"@id":"https:\/\/themalagafoodguide.com\/#organization"},"potentialAction":[{"@type":"SearchAction","target":{"@type":"EntryPoint","urlTemplate":"https:\/\/themalagafoodguide.com\/?s={search_term_string}"},"query-input":{"@type":"PropertyValueSpecification","valueRequired":true,"valueName":"search_term_string"}}],"inLanguage":"en-GB"},{"@type":"Organization","@id":"https:\/\/themalagafoodguide.com\/#organization","name":"Argus IIS","alternateName":"iXlabs","url":"https:\/\/themalagafoodguide.com\/","logo":{"@type":"ImageObject","inLanguage":"en-GB","@id":"https:\/\/themalagafoodguide.com\/#\/schema\/logo\/image\/","url":"https:\/\/themalagafoodguide.com\/wp-content\/uploads\/2023\/10\/MFG_Favicon_Blue.png","contentUrl":"https:\/\/themalagafoodguide.com\/wp-content\/uploads\/2023\/10\/MFG_Favicon_Blue.png","width":225,"height":225,"caption":"Argus IIS"},"image":{"@id":"https:\/\/themalagafoodguide.com\/#\/schema\/logo\/image\/"},"sameAs":["https:\/\/www.facebook.com\/MalagaFoodGuide","https:\/\/x.com\/malagafoodguide","https:\/\/www.instagram.com\/malagafoodguide2023\/"]}]}},"_links":{"self":[{"href":"https:\/\/themalagafoodguide.com\/index.php\/wp-json\/wp\/v2\/pages\/620","targetHints":{"allow":["GET"]}}],"collection":[{"href":"https:\/\/themalagafoodguide.com\/index.php\/wp-json\/wp\/v2\/pages"}],"about":[{"href":"https:\/\/themalagafoodguide.com\/index.php\/wp-json\/wp\/v2\/types\/page"}],"author":[{"embeddable":true,"href":"https:\/\/themalagafoodguide.com\/index.php\/wp-json\/wp\/v2\/users\/1"}],"replies":[{"embeddable":true,"href":"https:\/\/themalagafoodguide.com\/index.php\/wp-json\/wp\/v2\/comments?post=620"}],"version-history":[{"count":13,"href":"https:\/\/themalagafoodguide.com\/index.php\/wp-json\/wp\/v2\/pages\/620\/revisions"}],"predecessor-version":[{"id":1978,"href":"https:\/\/themalagafoodguide.com\/index.php\/wp-json\/wp\/v2\/pages\/620\/revisions\/1978"}],"wp:attachment":[{"href":"https:\/\/themalagafoodguide.com\/index.php\/wp-json\/wp\/v2\/media?parent=620"}],"curies":[{"name":"wp","href":"https:\/\/api.w.org\/{rel}","templated":true}]}}