{"id":605,"date":"2023-08-22T13:18:40","date_gmt":"2023-08-22T13:18:40","guid":{"rendered":"https:\/\/malagafoodguide.com\/wordpress\/?page_id=605"},"modified":"2024-07-25T13:58:28","modified_gmt":"2024-07-25T11:58:28","slug":"buddha-house","status":"publish","type":"page","link":"https:\/\/themalagafoodguide.com\/index.php\/buddha-house\/","title":{"rendered":"Buddha House"},"content":{"rendered":"\t\t<div data-elementor-type=\"wp-page\" data-elementor-id=\"605\" class=\"elementor elementor-605\">\n\t\t\t\t\t\t<section class=\"elementor-section elementor-top-section elementor-element elementor-element-424f00b elementor-section-boxed elementor-section-height-default elementor-section-height-default\" data-id=\"424f00b\" data-element_type=\"section\" data-e-type=\"section\">\n\t\t\t\t\t\t<div class=\"elementor-container elementor-column-gap-default\">\n\t\t\t\t\t<div class=\"elementor-column elementor-col-100 elementor-top-column elementor-element elementor-element-722b68e\" data-id=\"722b68e\" data-element_type=\"column\" data-e-type=\"column\">\n\t\t\t<div class=\"elementor-widget-wrap elementor-element-populated\">\n\t\t\t\t\t\t<div class=\"elementor-element elementor-element-455a654 elementor-widget elementor-widget-wp-widget-custom_html\" data-id=\"455a654\" data-element_type=\"widget\" data-e-type=\"widget\" data-widget_type=\"wp-widget-custom_html.default\">\n\t\t\t\t<div class=\"elementor-widget-container\">\n\t\t\t\t\t<div class=\"textwidget custom-html-widget\"><div><span style=\"font-family: Montserrat\"><b>Buddha House Pe\u00f1oncillo - Expensive &amp; Disappointing 0\/5.<\/b><\/span><\/div><div><span style=\"font-family: Montserrat\">By @MalagaFoodie&nbsp;<\/span><\/div><div><span style=\"font-family: Montserrat\"><br \/><\/span><\/div><div style=\"text-align: center\"><div class=\"separator\" style=\"clear: both;text-align: center\"><\/div><\/div><div><span style=\"font-family: Montserrat\">First I need to set the scene. The Malaga Foodie Team were together at Malaga Food Headquarters and had all decided to treat ourselves to a curry after a long and busy week foodying.<\/span><\/div><div><span style=\"font-family: Montserrat\"><br \/><\/span><\/div><div><span style=\"font-family: Montserrat\">We normally favour the Madras although have to admit we haven't been in since they moved to their new premises - but one of the team suggested we try the Buddha House in Pe\u00f1oncillo on the basis they delivered. Brilliant!<\/span><\/div><div><span style=\"font-family: Montserrat\"><br \/><\/span><\/div><div><span style=\"font-family: Montserrat\">We ordered a Lamb Madras, Chicken Dhansak and a Chicken Jalfrezi, various naan\u00b4s and pilau rice - all good so far. The chap who answered and took the order asked that we sent him our address via Google maps but we are in a new road and its not on Google maps! That was the start of a saga that saw us waiting at the bottom of our road for half and hour and then having to drive to Santander Bank to meet him - 1 hour and 20 minutes after ordering.&nbsp;<\/span><\/div><div><span style=\"font-family: Montserrat\"><br \/><\/span><\/div><div><span style=\"font-family: Montserrat\"><span>Still our fervour <\/span>wasn't<span>&nbsp;dampened but of course any curry that left the kitchen over an hour ago was never going to be warm so we warmed them through in the oven.<\/span><\/span><\/div><div><span style=\"font-family: Montserrat\"><br \/><\/span><\/div><div><span style=\"font-family: Montserrat\"><span>All I can say that we were very disappointed. First we fell foul of the \"Great <\/span>Poppadum<span>&nbsp;Scam\" We <\/span>ordered<span>&nbsp;<\/span>Poppadum's<span>&nbsp;and <\/span>Pickles<span>&nbsp;for three people at \u20ac2 a portion - we received four half <\/span>poppadum's<span>&nbsp;the fourth smashed to <\/span>smithereens<span>&nbsp;and the <\/span>pickles<span>&nbsp;were in what can only be described as \"micro-pots\" - \u20ac6 for that was outrageous.<\/span><\/span><\/div><div><span style=\"font-family: Montserrat\"><br \/><\/span><\/div><div><span style=\"font-family: Montserrat\"><span>We moved on to the main event I had the Lamb Madras, while it was nicely spiced the lamb was tough, the sauce was somehow dry and gritty and it was incredibly salty, just on the edge of me being able to eat it! My Peshwari nan was the worst I have ever had, No Sultanas or Almonds but this version was just stuffed with&nbsp;<\/span>desiccated<span>&nbsp;coconut - it was too sweet and nothing like the opulent nan of the Sultans I have so enjoyed on visits to my favourite <\/span>Indian<span>&nbsp;food houses.<\/span><\/span><\/div><div><span style=\"font-family: Montserrat\"><br \/><\/span><\/div><div><span style=\"font-family: Montserrat\"><span>The rest of the team complained about how salty their main dishes were and also commented that their <\/span>sauces<span>&nbsp;were \"somehow\" dry and again gritty. However, the rice was passable and although \"dry\" the <\/span>sauces<span>&nbsp;were flavoursome and well spiced but way, way too salty!<\/span><\/span><\/div><div><span style=\"font-family: Montserrat\"><br \/><\/span><\/div><div><span style=\"font-family: Montserrat\"><span>If the Buddha House would like a second chance to impress us then we can come in and do a <\/span>revised<span>&nbsp;review - only this time dining in at the restaurant. Contact me: <span style=\"color: #FF3C10\">malagafoodie@themalagafoodguide.com<\/span><\/span><\/span><\/div><div><span style=\"font-family: Montserrat\"><br \/><\/span><\/div><div class=\"separator\" style=\"clear: both;text-align: center\"><a href=\"https:\/\/blogger.googleusercontent.com\/img\/b\/R29vZ2xl\/AVvXsEgxGs99aai95fwOu8TOIYfL-KG_XdWFAtcRxq_QQqIIxrH-o5AGErcsE4VyuwIHXvI-WNH0KQzdUqS8NmDW2cF545t6ekUbUPBOM42bw4Ylg30Q4grp9dVXVjUT_SgI0EsMeOQ576Yi9mn82MSviMZFhZEdhcqlYBNuZuhOtM8XPnR7zrYLv9-RN_s\/s1004\/buddha-199462_1920.jpg.png\" style=\"margin-left: 1em;margin-right: 1em\"><span style=\"font-family: Montserrat\"><img fetchpriority=\"high\" decoding=\"async\" alt=\"Malaga Food News\" border=\"0\" data-original-height=\"666\" data-original-width=\"1004\" height=\"265\" src=\"https:\/\/blogger.googleusercontent.com\/img\/b\/R29vZ2xl\/AVvXsEgxGs99aai95fwOu8TOIYfL-KG_XdWFAtcRxq_QQqIIxrH-o5AGErcsE4VyuwIHXvI-WNH0KQzdUqS8NmDW2cF545t6ekUbUPBOM42bw4Ylg30Q4grp9dVXVjUT_SgI0EsMeOQ576Yi9mn82MSviMZFhZEdhcqlYBNuZuhOtM8XPnR7zrYLv9-RN_s\/w400-h265\/buddha-199462_1920.jpg.png\" title=\"M\u00c1LAGA RESTAURANT REVIEW: Buddha House,  Torrox - Disappointing!\" width=\"400\" \/><\/span><\/a><\/div><span style=\"font-family: Montserrat\"><br \/><\/span><div style=\"text-align: center\"><span style=\"font-family: Montserrat\"><br \/><\/span><\/div><div><span style=\"font-family: Montserrat\"><br \/><\/span><\/div><div><b><span style=\"font-family: Montserrat\">Review at a Glance:<\/span><\/b><\/div><div><span style=\"font-family: Montserrat\"><br \/><\/span><\/div><div><span style=\"font-family: Montserrat\">Quality of Food: 2\/5<\/span><\/div><div><span style=\"font-family: Montserrat\">Value for Money: 1\/5 V Expensive \u20ac51.75 for the above order!<\/span><\/div><div><span style=\"font-family: Montserrat\">Customer Service: 1\/5<\/span><\/div><div><span style=\"font-family: Montserrat\">Hygiene: No Score - Takeaway<\/span><\/div><div><span style=\"font-family: Montserrat\"><span>Overall: Very <\/span>disappointed<span>&nbsp;<\/span>doesn't<span>&nbsp;even merit a 1 Star Malaga Food Rating.&nbsp;<\/span><\/span><\/div><div><span style=\"font-family: Montserrat\"><br \/><\/span><\/div><div><span style=\"font-family: Montserrat\">Contact Me: Malaga Foodie<\/span><\/div><div><span style=\"font-family: Montserrat\">Email: <a href=\"mailto:malagafoodie@themalagafoodguide.com\" target=\"_blank\"><span style=\"color: #FF3C10\">malagafoodie@themalagafoodguide.com<\/span><span style=\"color: #ff6700\">&nbsp;<\/span><\/a><\/span><\/div><div><span style=\"font-family: Montserrat\">Web: <a href=\"https:\/\/www. themalagafoodguide.com\" target=\"_blank\"><span style=\"color: #FF3C10\">themalagafoodguide.com<\/span><\/a><\/span><\/div><div><span style=\"font-family: Montserrat\">Twitter: <span><span style=\"color: #FF3C10\">@<\/span><span><a href=\"https:\/\/twitter.com\/malagafoodie\" target=\"_blank\">malagafoodie<\/a><\/span><\/span><\/span><\/div><div><span><span style=\"color: #FF3C10;font-family: Montserrat\"><br \/><\/span><\/span><\/div><div><span style=\"font-family: inherit\"><span style=\"color: #FF3C10\"><br \/><\/span><\/span><\/div><\/div>\t\t\t\t<\/div>\n\t\t\t\t<\/div>\n\t\t\t\t\t<\/div>\n\t\t<\/div>\n\t\t\t\t\t<\/div>\n\t\t<\/section>\n\t\t\t\t<\/div>\n\t\t","protected":false},"excerpt":{"rendered":"","protected":false},"author":1,"featured_media":0,"parent":0,"menu_order":0,"comment_status":"closed","ping_status":"closed","template":"","meta":{"cybocfi_hide_featured_image":"","footnotes":""},"class_list":["post-605","page","type-page","status-publish","hentry"],"yoast_head":"<!-- This site is optimized with the Yoast SEO plugin v27.4 - https:\/\/yoast.com\/product\/yoast-seo-wordpress\/ -->\n<title>Buddha House - themalagafoodguide.com<\/title>\n<meta name=\"description\" content=\"The M\u00e1laga Food Guide - First for M\u00e1laga Food &amp; Lifestyle News. Launched in 2014 The M\u00e1laga Food Guide continues to be the Leading Gourmet&#039;s Guide celebrating the vibrant and eclectic food &amp; lifestyle scene in M\u00e1laga Province.\" \/>\n<meta name=\"robots\" content=\"index, follow, max-snippet:-1, max-image-preview:large, max-video-preview:-1\" \/>\n<link rel=\"canonical\" href=\"https:\/\/themalagafoodguide.com\/index.php\/buddha-house\/\" \/>\n<meta property=\"og:locale\" content=\"en_GB\" \/>\n<meta property=\"og:type\" content=\"article\" \/>\n<meta property=\"og:title\" content=\"Buddha House - themalagafoodguide.com\" \/>\n<meta property=\"og:description\" content=\"The M\u00e1laga Food Guide - First for M\u00e1laga Food &amp; Lifestyle News. Launched in 2014 The M\u00e1laga Food Guide continues to be the Leading Gourmet&#039;s Guide celebrating the vibrant and eclectic food &amp; lifestyle scene in M\u00e1laga Province.\" \/>\n<meta property=\"og:url\" content=\"https:\/\/themalagafoodguide.com\/index.php\/buddha-house\/\" \/>\n<meta property=\"og:site_name\" content=\"themalagafoodguide.com\" \/>\n<meta property=\"article:publisher\" content=\"https:\/\/www.facebook.com\/MalagaFoodGuide\" \/>\n<meta property=\"article:modified_time\" content=\"2024-07-25T11:58:28+00:00\" \/>\n<meta property=\"og:image\" content=\"https:\/\/themalagafoodguide.com\/wp-content\/uploads\/2023\/10\/MFG_FrontCover.png\" \/>\n\t<meta property=\"og:image:width\" content=\"1232\" \/>\n\t<meta property=\"og:image:height\" content=\"847\" \/>\n\t<meta property=\"og:image:type\" content=\"image\/png\" \/>\n<meta name=\"twitter:card\" content=\"summary_large_image\" \/>\n<meta name=\"twitter:site\" content=\"@malagafoodguide\" \/>\n<meta name=\"twitter:label1\" content=\"Estimated reading time\" \/>\n\t<meta name=\"twitter:data1\" content=\"3 minutes\" \/>\n<script type=\"application\/ld+json\" class=\"yoast-schema-graph\">{\"@context\":\"https:\\\/\\\/schema.org\",\"@graph\":[{\"@type\":\"WebPage\",\"@id\":\"https:\\\/\\\/themalagafoodguide.com\\\/index.php\\\/buddha-house\\\/\",\"url\":\"https:\\\/\\\/themalagafoodguide.com\\\/index.php\\\/buddha-house\\\/\",\"name\":\"Buddha House - themalagafoodguide.com\",\"isPartOf\":{\"@id\":\"https:\\\/\\\/themalagafoodguide.com\\\/#website\"},\"datePublished\":\"2023-08-22T13:18:40+00:00\",\"dateModified\":\"2024-07-25T11:58:28+00:00\",\"description\":\"The M\u00e1laga Food Guide - First for M\u00e1laga Food & Lifestyle News. Launched in 2014 The M\u00e1laga Food Guide continues to be the Leading Gourmet's Guide celebrating the vibrant and eclectic food & lifestyle scene in M\u00e1laga Province.\",\"breadcrumb\":{\"@id\":\"https:\\\/\\\/themalagafoodguide.com\\\/index.php\\\/buddha-house\\\/#breadcrumb\"},\"inLanguage\":\"en-GB\",\"potentialAction\":[{\"@type\":\"ReadAction\",\"target\":[\"https:\\\/\\\/themalagafoodguide.com\\\/index.php\\\/buddha-house\\\/\"]}]},{\"@type\":\"BreadcrumbList\",\"@id\":\"https:\\\/\\\/themalagafoodguide.com\\\/index.php\\\/buddha-house\\\/#breadcrumb\",\"itemListElement\":[{\"@type\":\"ListItem\",\"position\":1,\"name\":\"Home\",\"item\":\"https:\\\/\\\/themalagafoodguide.com\\\/\"},{\"@type\":\"ListItem\",\"position\":2,\"name\":\"Buddha House\"}]},{\"@type\":\"WebSite\",\"@id\":\"https:\\\/\\\/themalagafoodguide.com\\\/#website\",\"url\":\"https:\\\/\\\/themalagafoodguide.com\\\/\",\"name\":\"themalagafoodguide.com\",\"description\":\"First for M\u00e1laga Food News ...\",\"publisher\":{\"@id\":\"https:\\\/\\\/themalagafoodguide.com\\\/#organization\"},\"potentialAction\":[{\"@type\":\"SearchAction\",\"target\":{\"@type\":\"EntryPoint\",\"urlTemplate\":\"https:\\\/\\\/themalagafoodguide.com\\\/?s={search_term_string}\"},\"query-input\":{\"@type\":\"PropertyValueSpecification\",\"valueRequired\":true,\"valueName\":\"search_term_string\"}}],\"inLanguage\":\"en-GB\"},{\"@type\":\"Organization\",\"@id\":\"https:\\\/\\\/themalagafoodguide.com\\\/#organization\",\"name\":\"Argus IIS\",\"alternateName\":\"iXlabs\",\"url\":\"https:\\\/\\\/themalagafoodguide.com\\\/\",\"logo\":{\"@type\":\"ImageObject\",\"inLanguage\":\"en-GB\",\"@id\":\"https:\\\/\\\/themalagafoodguide.com\\\/#\\\/schema\\\/logo\\\/image\\\/\",\"url\":\"https:\\\/\\\/themalagafoodguide.com\\\/wp-content\\\/uploads\\\/2023\\\/10\\\/MFG_Favicon_Blue.png\",\"contentUrl\":\"https:\\\/\\\/themalagafoodguide.com\\\/wp-content\\\/uploads\\\/2023\\\/10\\\/MFG_Favicon_Blue.png\",\"width\":225,\"height\":225,\"caption\":\"Argus IIS\"},\"image\":{\"@id\":\"https:\\\/\\\/themalagafoodguide.com\\\/#\\\/schema\\\/logo\\\/image\\\/\"},\"sameAs\":[\"https:\\\/\\\/www.facebook.com\\\/MalagaFoodGuide\",\"https:\\\/\\\/x.com\\\/malagafoodguide\",\"https:\\\/\\\/www.instagram.com\\\/malagafoodguide2023\\\/\"]}]}<\/script>\n<!-- \/ Yoast SEO plugin. -->","yoast_head_json":{"title":"Buddha House - themalagafoodguide.com","description":"The M\u00e1laga Food Guide - First for M\u00e1laga Food & Lifestyle News. Launched in 2014 The M\u00e1laga Food Guide continues to be the Leading Gourmet's Guide celebrating the vibrant and eclectic food & lifestyle scene in M\u00e1laga Province.","robots":{"index":"index","follow":"follow","max-snippet":"max-snippet:-1","max-image-preview":"max-image-preview:large","max-video-preview":"max-video-preview:-1"},"canonical":"https:\/\/themalagafoodguide.com\/index.php\/buddha-house\/","og_locale":"en_GB","og_type":"article","og_title":"Buddha House - themalagafoodguide.com","og_description":"The M\u00e1laga Food Guide - First for M\u00e1laga Food & Lifestyle News. Launched in 2014 The M\u00e1laga Food Guide continues to be the Leading Gourmet's Guide celebrating the vibrant and eclectic food & lifestyle scene in M\u00e1laga Province.","og_url":"https:\/\/themalagafoodguide.com\/index.php\/buddha-house\/","og_site_name":"themalagafoodguide.com","article_publisher":"https:\/\/www.facebook.com\/MalagaFoodGuide","article_modified_time":"2024-07-25T11:58:28+00:00","og_image":[{"width":1232,"height":847,"url":"https:\/\/themalagafoodguide.com\/wp-content\/uploads\/2023\/10\/MFG_FrontCover.png","type":"image\/png"}],"twitter_card":"summary_large_image","twitter_site":"@malagafoodguide","twitter_misc":{"Estimated reading time":"3 minutes"},"schema":{"@context":"https:\/\/schema.org","@graph":[{"@type":"WebPage","@id":"https:\/\/themalagafoodguide.com\/index.php\/buddha-house\/","url":"https:\/\/themalagafoodguide.com\/index.php\/buddha-house\/","name":"Buddha House - themalagafoodguide.com","isPartOf":{"@id":"https:\/\/themalagafoodguide.com\/#website"},"datePublished":"2023-08-22T13:18:40+00:00","dateModified":"2024-07-25T11:58:28+00:00","description":"The M\u00e1laga Food Guide - First for M\u00e1laga Food & Lifestyle News. Launched in 2014 The M\u00e1laga Food Guide continues to be the Leading Gourmet's Guide celebrating the vibrant and eclectic food & lifestyle scene in M\u00e1laga Province.","breadcrumb":{"@id":"https:\/\/themalagafoodguide.com\/index.php\/buddha-house\/#breadcrumb"},"inLanguage":"en-GB","potentialAction":[{"@type":"ReadAction","target":["https:\/\/themalagafoodguide.com\/index.php\/buddha-house\/"]}]},{"@type":"BreadcrumbList","@id":"https:\/\/themalagafoodguide.com\/index.php\/buddha-house\/#breadcrumb","itemListElement":[{"@type":"ListItem","position":1,"name":"Home","item":"https:\/\/themalagafoodguide.com\/"},{"@type":"ListItem","position":2,"name":"Buddha House"}]},{"@type":"WebSite","@id":"https:\/\/themalagafoodguide.com\/#website","url":"https:\/\/themalagafoodguide.com\/","name":"themalagafoodguide.com","description":"First for M\u00e1laga Food News ...","publisher":{"@id":"https:\/\/themalagafoodguide.com\/#organization"},"potentialAction":[{"@type":"SearchAction","target":{"@type":"EntryPoint","urlTemplate":"https:\/\/themalagafoodguide.com\/?s={search_term_string}"},"query-input":{"@type":"PropertyValueSpecification","valueRequired":true,"valueName":"search_term_string"}}],"inLanguage":"en-GB"},{"@type":"Organization","@id":"https:\/\/themalagafoodguide.com\/#organization","name":"Argus IIS","alternateName":"iXlabs","url":"https:\/\/themalagafoodguide.com\/","logo":{"@type":"ImageObject","inLanguage":"en-GB","@id":"https:\/\/themalagafoodguide.com\/#\/schema\/logo\/image\/","url":"https:\/\/themalagafoodguide.com\/wp-content\/uploads\/2023\/10\/MFG_Favicon_Blue.png","contentUrl":"https:\/\/themalagafoodguide.com\/wp-content\/uploads\/2023\/10\/MFG_Favicon_Blue.png","width":225,"height":225,"caption":"Argus IIS"},"image":{"@id":"https:\/\/themalagafoodguide.com\/#\/schema\/logo\/image\/"},"sameAs":["https:\/\/www.facebook.com\/MalagaFoodGuide","https:\/\/x.com\/malagafoodguide","https:\/\/www.instagram.com\/malagafoodguide2023\/"]}]}},"_links":{"self":[{"href":"https:\/\/themalagafoodguide.com\/index.php\/wp-json\/wp\/v2\/pages\/605","targetHints":{"allow":["GET"]}}],"collection":[{"href":"https:\/\/themalagafoodguide.com\/index.php\/wp-json\/wp\/v2\/pages"}],"about":[{"href":"https:\/\/themalagafoodguide.com\/index.php\/wp-json\/wp\/v2\/types\/page"}],"author":[{"embeddable":true,"href":"https:\/\/themalagafoodguide.com\/index.php\/wp-json\/wp\/v2\/users\/1"}],"replies":[{"embeddable":true,"href":"https:\/\/themalagafoodguide.com\/index.php\/wp-json\/wp\/v2\/comments?post=605"}],"version-history":[{"count":16,"href":"https:\/\/themalagafoodguide.com\/index.php\/wp-json\/wp\/v2\/pages\/605\/revisions"}],"predecessor-version":[{"id":3800,"href":"https:\/\/themalagafoodguide.com\/index.php\/wp-json\/wp\/v2\/pages\/605\/revisions\/3800"}],"wp:attachment":[{"href":"https:\/\/themalagafoodguide.com\/index.php\/wp-json\/wp\/v2\/media?parent=605"}],"curies":[{"name":"wp","href":"https:\/\/api.w.org\/{rel}","templated":true}]}}