{"id":2997,"date":"2026-01-06T15:00:34","date_gmt":"2026-01-06T14:00:34","guid":{"rendered":"https:\/\/themalagafoodguide.com\/?page_id=2997"},"modified":"2026-03-26T16:28:46","modified_gmt":"2026-03-26T15:28:46","slug":"work-with-us-2026","status":"publish","type":"page","link":"https:\/\/themalagafoodguide.com\/index.php\/work-with-us-2026\/","title":{"rendered":"Work with us 2026"},"content":{"rendered":"\t\t<div data-elementor-type=\"wp-page\" data-elementor-id=\"2997\" class=\"elementor elementor-2997\">\n\t\t\t\t\t\t<section class=\"elementor-section elementor-top-section elementor-element elementor-element-9aec2e8 elementor-section-boxed elementor-section-height-default elementor-section-height-default\" data-id=\"9aec2e8\" data-element_type=\"section\" data-e-type=\"section\">\n\t\t\t\t\t\t<div class=\"elementor-container elementor-column-gap-default\">\n\t\t\t\t\t<div class=\"elementor-column elementor-col-100 elementor-top-column elementor-element elementor-element-274c17a\" data-id=\"274c17a\" data-element_type=\"column\" data-e-type=\"column\">\n\t\t\t<div class=\"elementor-widget-wrap elementor-element-populated\">\n\t\t\t\t\t\t<div class=\"elementor-element elementor-element-3b72af6 elementor-widget elementor-widget-image\" data-id=\"3b72af6\" data-element_type=\"widget\" data-e-type=\"widget\" data-widget_type=\"image.default\">\n\t\t\t\t<div class=\"elementor-widget-container\">\n\t\t\t\t\t\t\t\t\t\t\t\t\t\t\t<img loading=\"lazy\" width=\"300\" height=\"103\" src=\"https:\/\/themalagafoodguide.com\/wp-content\/uploads\/2024\/01\/MFG2-300x103.png\" class=\"attachment-medium size-medium wp-image-3300\" alt=\"MFG2\" srcset=\"https:\/\/themalagafoodguide.com\/wp-content\/uploads\/2024\/01\/MFG2-300x103.png 300w, https:\/\/themalagafoodguide.com\/wp-content\/uploads\/2024\/01\/MFG2.png 667w\" sizes=\"auto, (max-width: 300px) 100vw, 300px\" loading=\"lazy\" decoding=\"async\" \/>\t\t\t\t\t\t\t\t\t\t\t\t\t\t\t<\/div>\n\t\t\t\t<\/div>\n\t\t\t\t\t<\/div>\n\t\t<\/div>\n\t\t\t\t\t<\/div>\n\t\t<\/section>\n\t\t\t\t<section class=\"elementor-section elementor-top-section elementor-element elementor-element-39c9969 elementor-section-boxed elementor-section-height-default elementor-section-height-default\" data-id=\"39c9969\" data-element_type=\"section\" data-e-type=\"section\">\n\t\t\t\t\t\t<div class=\"elementor-container elementor-column-gap-default\">\n\t\t\t\t\t<div class=\"elementor-column elementor-col-100 elementor-top-column elementor-element elementor-element-430e91d\" data-id=\"430e91d\" data-element_type=\"column\" data-e-type=\"column\">\n\t\t\t<div class=\"elementor-widget-wrap elementor-element-populated\">\n\t\t\t\t\t\t<div class=\"elementor-element elementor-element-1d88b03 elementor-widget elementor-widget-text-editor\" data-id=\"1d88b03\" data-element_type=\"widget\" data-e-type=\"widget\" data-widget_type=\"text-editor.default\">\n\t\t\t\t<div class=\"elementor-widget-container\">\n\t\t\t\t\t\t\t\t\t<h5>ABOUT US<\/h5><h5>The M\u00e1laga Food Guide is the Leading Gourmet\u2019s Guide celebrating the vibrant and eclectic food scene in M\u00e1laga Province; quantified by our continually high search visibility our social media network and our collective subscriber based audience in excess of 38,000 pan-European foodies<\/h5><ul><li><h5><span style=\"color: #ff6600;\">Ranked Number 1 by both Google &amp; Bing for The Malaga Food Guide<\/span><\/h5><\/li><li><h5><span style=\"color: #ff6600;\">In excess of 70,000 visitors to our website every month<\/span><\/h5><\/li><li><h5><span style=\"color: #ff6600;\">Over 38K+ subscribers from Spain, UK, Scandinavia, Germany &amp; France<\/span><\/h5><\/li><li><h5><span style=\"color: #ff6600;\">Over 8,500 followers across our Twitter, Facebook &amp; Instagram network<\/span><\/h5><\/li><\/ul><h5>ABOUT YOU<\/h5><h5>You need to be based in M\u00e1laga Province and posses both experience and passion for the Spanish Gourmet Food &amp; Beverage industry and an established record of sales, revenue generation and revenue identification.<\/h5><h5>The ideal candidate must either currently be registered as an Autonomo to work in Spain or be prepared to register before the appointment commences, be tech savvy and fluent in both English &amp; Spanish.<\/h5><h5>If you can answer YES to the above four questions and are based in one of our target areas then send us an email to hello@malagafoodguide.com and tell us what value you can bring to our team. We always respond!<\/h5>\t\t\t\t\t\t\t\t<\/div>\n\t\t\t\t<\/div>\n\t\t\t\t\t<\/div>\n\t\t<\/div>\n\t\t\t\t\t<\/div>\n\t\t<\/section>\n\t\t\t\t<\/div>\n\t\t","protected":false},"excerpt":{"rendered":"<p>ABOUT US The M\u00e1laga Food Guide is the Leading Gourmet\u2019s<\/p>\n","protected":false},"author":1,"featured_media":0,"parent":0,"menu_order":0,"comment_status":"closed","ping_status":"closed","template":"","meta":{"cybocfi_hide_featured_image":"","footnotes":""},"class_list":["post-2997","page","type-page","status-publish","hentry"],"yoast_head":"<!-- This site is optimized with the Yoast SEO plugin v27.5 - https:\/\/yoast.com\/product\/yoast-seo-wordpress\/ -->\n<title>Work with us 2026 - themalagafoodguide.com<\/title>\n<meta name=\"description\" content=\"The M\u00e1laga Food Guide - First for M\u00e1laga Food &amp; Lifestyle News. Launched in 2014 The M\u00e1laga Food Guide continues to be the Leading Gourmet&#039;s Guide celebrating the vibrant and eclectic food &amp; lifestyle scene in M\u00e1laga Province.\" \/>\n<meta name=\"robots\" content=\"index, follow, max-snippet:-1, max-image-preview:large, max-video-preview:-1\" \/>\n<link rel=\"canonical\" href=\"https:\/\/themalagafoodguide.com\/index.php\/work-with-us-2026\/\" \/>\n<meta property=\"og:locale\" content=\"en_GB\" \/>\n<meta property=\"og:type\" content=\"article\" \/>\n<meta property=\"og:title\" content=\"Work with us 2026 - themalagafoodguide.com\" \/>\n<meta property=\"og:description\" content=\"The M\u00e1laga Food Guide - First for M\u00e1laga Food &amp; Lifestyle News. Launched in 2014 The M\u00e1laga Food Guide continues to be the Leading Gourmet&#039;s Guide celebrating the vibrant and eclectic food &amp; lifestyle scene in M\u00e1laga Province.\" \/>\n<meta property=\"og:url\" content=\"https:\/\/themalagafoodguide.com\/index.php\/work-with-us-2026\/\" \/>\n<meta property=\"og:site_name\" content=\"themalagafoodguide.com\" \/>\n<meta property=\"article:publisher\" content=\"https:\/\/www.facebook.com\/MalagaFoodGuide\" \/>\n<meta property=\"article:modified_time\" content=\"2026-03-26T15:28:46+00:00\" \/>\n<meta property=\"og:image\" content=\"https:\/\/themalagafoodguide.com\/wp-content\/uploads\/2024\/01\/MFG2.png\" \/>\n\t<meta property=\"og:image:width\" content=\"667\" \/>\n\t<meta property=\"og:image:height\" content=\"228\" \/>\n\t<meta property=\"og:image:type\" content=\"image\/png\" \/>\n<meta name=\"twitter:card\" content=\"summary_large_image\" \/>\n<meta name=\"twitter:site\" content=\"@malagafoodguide\" \/>\n<meta name=\"twitter:label1\" content=\"Estimated reading time\" \/>\n\t<meta name=\"twitter:data1\" content=\"2 minutes\" \/>\n<script type=\"application\/ld+json\" class=\"yoast-schema-graph\">{\"@context\":\"https:\\\/\\\/schema.org\",\"@graph\":[{\"@type\":\"WebPage\",\"@id\":\"https:\\\/\\\/themalagafoodguide.com\\\/index.php\\\/work-with-us-2026\\\/\",\"url\":\"https:\\\/\\\/themalagafoodguide.com\\\/index.php\\\/work-with-us-2026\\\/\",\"name\":\"Work with us 2026 - themalagafoodguide.com\",\"isPartOf\":{\"@id\":\"https:\\\/\\\/themalagafoodguide.com\\\/#website\"},\"primaryImageOfPage\":{\"@id\":\"https:\\\/\\\/themalagafoodguide.com\\\/index.php\\\/work-with-us-2026\\\/#primaryimage\"},\"image\":{\"@id\":\"https:\\\/\\\/themalagafoodguide.com\\\/index.php\\\/work-with-us-2026\\\/#primaryimage\"},\"thumbnailUrl\":\"https:\\\/\\\/themalagafoodguide.com\\\/wp-content\\\/uploads\\\/2024\\\/01\\\/MFG2-300x103.png\",\"datePublished\":\"2026-01-06T14:00:34+00:00\",\"dateModified\":\"2026-03-26T15:28:46+00:00\",\"description\":\"The M\u00e1laga Food Guide - First for M\u00e1laga Food & Lifestyle News. Launched in 2014 The M\u00e1laga Food Guide continues to be the Leading Gourmet's Guide celebrating the vibrant and eclectic food & lifestyle scene in M\u00e1laga Province.\",\"breadcrumb\":{\"@id\":\"https:\\\/\\\/themalagafoodguide.com\\\/index.php\\\/work-with-us-2026\\\/#breadcrumb\"},\"inLanguage\":\"en-GB\",\"potentialAction\":[{\"@type\":\"ReadAction\",\"target\":[\"https:\\\/\\\/themalagafoodguide.com\\\/index.php\\\/work-with-us-2026\\\/\"]}]},{\"@type\":\"ImageObject\",\"inLanguage\":\"en-GB\",\"@id\":\"https:\\\/\\\/themalagafoodguide.com\\\/index.php\\\/work-with-us-2026\\\/#primaryimage\",\"url\":\"https:\\\/\\\/themalagafoodguide.com\\\/wp-content\\\/uploads\\\/2024\\\/01\\\/MFG2.png\",\"contentUrl\":\"https:\\\/\\\/themalagafoodguide.com\\\/wp-content\\\/uploads\\\/2024\\\/01\\\/MFG2.png\",\"width\":667,\"height\":228},{\"@type\":\"BreadcrumbList\",\"@id\":\"https:\\\/\\\/themalagafoodguide.com\\\/index.php\\\/work-with-us-2026\\\/#breadcrumb\",\"itemListElement\":[{\"@type\":\"ListItem\",\"position\":1,\"name\":\"Home\",\"item\":\"https:\\\/\\\/themalagafoodguide.com\\\/\"},{\"@type\":\"ListItem\",\"position\":2,\"name\":\"Work with us 2026\"}]},{\"@type\":\"WebSite\",\"@id\":\"https:\\\/\\\/themalagafoodguide.com\\\/#website\",\"url\":\"https:\\\/\\\/themalagafoodguide.com\\\/\",\"name\":\"themalagafoodguide.com\",\"description\":\"First for M\u00e1laga Food News ...\",\"publisher\":{\"@id\":\"https:\\\/\\\/themalagafoodguide.com\\\/#organization\"},\"potentialAction\":[{\"@type\":\"SearchAction\",\"target\":{\"@type\":\"EntryPoint\",\"urlTemplate\":\"https:\\\/\\\/themalagafoodguide.com\\\/?s={search_term_string}\"},\"query-input\":{\"@type\":\"PropertyValueSpecification\",\"valueRequired\":true,\"valueName\":\"search_term_string\"}}],\"inLanguage\":\"en-GB\"},{\"@type\":\"Organization\",\"@id\":\"https:\\\/\\\/themalagafoodguide.com\\\/#organization\",\"name\":\"Argus IIS\",\"alternateName\":\"iXlabs\",\"url\":\"https:\\\/\\\/themalagafoodguide.com\\\/\",\"logo\":{\"@type\":\"ImageObject\",\"inLanguage\":\"en-GB\",\"@id\":\"https:\\\/\\\/themalagafoodguide.com\\\/#\\\/schema\\\/logo\\\/image\\\/\",\"url\":\"https:\\\/\\\/themalagafoodguide.com\\\/wp-content\\\/uploads\\\/2023\\\/10\\\/MFG_Favicon_Blue.png\",\"contentUrl\":\"https:\\\/\\\/themalagafoodguide.com\\\/wp-content\\\/uploads\\\/2023\\\/10\\\/MFG_Favicon_Blue.png\",\"width\":225,\"height\":225,\"caption\":\"Argus IIS\"},\"image\":{\"@id\":\"https:\\\/\\\/themalagafoodguide.com\\\/#\\\/schema\\\/logo\\\/image\\\/\"},\"sameAs\":[\"https:\\\/\\\/www.facebook.com\\\/MalagaFoodGuide\",\"https:\\\/\\\/x.com\\\/malagafoodguide\",\"https:\\\/\\\/www.instagram.com\\\/malagafoodguide2023\\\/\"]}]}<\/script>\n<!-- \/ Yoast SEO plugin. -->","yoast_head_json":{"title":"Work with us 2026 - themalagafoodguide.com","description":"The M\u00e1laga Food Guide - First for M\u00e1laga Food & Lifestyle News. Launched in 2014 The M\u00e1laga Food Guide continues to be the Leading Gourmet's Guide celebrating the vibrant and eclectic food & lifestyle scene in M\u00e1laga Province.","robots":{"index":"index","follow":"follow","max-snippet":"max-snippet:-1","max-image-preview":"max-image-preview:large","max-video-preview":"max-video-preview:-1"},"canonical":"https:\/\/themalagafoodguide.com\/index.php\/work-with-us-2026\/","og_locale":"en_GB","og_type":"article","og_title":"Work with us 2026 - themalagafoodguide.com","og_description":"The M\u00e1laga Food Guide - First for M\u00e1laga Food & Lifestyle News. Launched in 2014 The M\u00e1laga Food Guide continues to be the Leading Gourmet's Guide celebrating the vibrant and eclectic food & lifestyle scene in M\u00e1laga Province.","og_url":"https:\/\/themalagafoodguide.com\/index.php\/work-with-us-2026\/","og_site_name":"themalagafoodguide.com","article_publisher":"https:\/\/www.facebook.com\/MalagaFoodGuide","article_modified_time":"2026-03-26T15:28:46+00:00","og_image":[{"width":667,"height":228,"url":"https:\/\/themalagafoodguide.com\/wp-content\/uploads\/2024\/01\/MFG2.png","type":"image\/png"}],"twitter_card":"summary_large_image","twitter_site":"@malagafoodguide","twitter_misc":{"Estimated reading time":"2 minutes"},"schema":{"@context":"https:\/\/schema.org","@graph":[{"@type":"WebPage","@id":"https:\/\/themalagafoodguide.com\/index.php\/work-with-us-2026\/","url":"https:\/\/themalagafoodguide.com\/index.php\/work-with-us-2026\/","name":"Work with us 2026 - themalagafoodguide.com","isPartOf":{"@id":"https:\/\/themalagafoodguide.com\/#website"},"primaryImageOfPage":{"@id":"https:\/\/themalagafoodguide.com\/index.php\/work-with-us-2026\/#primaryimage"},"image":{"@id":"https:\/\/themalagafoodguide.com\/index.php\/work-with-us-2026\/#primaryimage"},"thumbnailUrl":"https:\/\/themalagafoodguide.com\/wp-content\/uploads\/2024\/01\/MFG2-300x103.png","datePublished":"2026-01-06T14:00:34+00:00","dateModified":"2026-03-26T15:28:46+00:00","description":"The M\u00e1laga Food Guide - First for M\u00e1laga Food & Lifestyle News. Launched in 2014 The M\u00e1laga Food Guide continues to be the Leading Gourmet's Guide celebrating the vibrant and eclectic food & lifestyle scene in M\u00e1laga Province.","breadcrumb":{"@id":"https:\/\/themalagafoodguide.com\/index.php\/work-with-us-2026\/#breadcrumb"},"inLanguage":"en-GB","potentialAction":[{"@type":"ReadAction","target":["https:\/\/themalagafoodguide.com\/index.php\/work-with-us-2026\/"]}]},{"@type":"ImageObject","inLanguage":"en-GB","@id":"https:\/\/themalagafoodguide.com\/index.php\/work-with-us-2026\/#primaryimage","url":"https:\/\/themalagafoodguide.com\/wp-content\/uploads\/2024\/01\/MFG2.png","contentUrl":"https:\/\/themalagafoodguide.com\/wp-content\/uploads\/2024\/01\/MFG2.png","width":667,"height":228},{"@type":"BreadcrumbList","@id":"https:\/\/themalagafoodguide.com\/index.php\/work-with-us-2026\/#breadcrumb","itemListElement":[{"@type":"ListItem","position":1,"name":"Home","item":"https:\/\/themalagafoodguide.com\/"},{"@type":"ListItem","position":2,"name":"Work with us 2026"}]},{"@type":"WebSite","@id":"https:\/\/themalagafoodguide.com\/#website","url":"https:\/\/themalagafoodguide.com\/","name":"themalagafoodguide.com","description":"First for M\u00e1laga Food News ...","publisher":{"@id":"https:\/\/themalagafoodguide.com\/#organization"},"potentialAction":[{"@type":"SearchAction","target":{"@type":"EntryPoint","urlTemplate":"https:\/\/themalagafoodguide.com\/?s={search_term_string}"},"query-input":{"@type":"PropertyValueSpecification","valueRequired":true,"valueName":"search_term_string"}}],"inLanguage":"en-GB"},{"@type":"Organization","@id":"https:\/\/themalagafoodguide.com\/#organization","name":"Argus IIS","alternateName":"iXlabs","url":"https:\/\/themalagafoodguide.com\/","logo":{"@type":"ImageObject","inLanguage":"en-GB","@id":"https:\/\/themalagafoodguide.com\/#\/schema\/logo\/image\/","url":"https:\/\/themalagafoodguide.com\/wp-content\/uploads\/2023\/10\/MFG_Favicon_Blue.png","contentUrl":"https:\/\/themalagafoodguide.com\/wp-content\/uploads\/2023\/10\/MFG_Favicon_Blue.png","width":225,"height":225,"caption":"Argus IIS"},"image":{"@id":"https:\/\/themalagafoodguide.com\/#\/schema\/logo\/image\/"},"sameAs":["https:\/\/www.facebook.com\/MalagaFoodGuide","https:\/\/x.com\/malagafoodguide","https:\/\/www.instagram.com\/malagafoodguide2023\/"]}]}},"_links":{"self":[{"href":"https:\/\/themalagafoodguide.com\/index.php\/wp-json\/wp\/v2\/pages\/2997","targetHints":{"allow":["GET"]}}],"collection":[{"href":"https:\/\/themalagafoodguide.com\/index.php\/wp-json\/wp\/v2\/pages"}],"about":[{"href":"https:\/\/themalagafoodguide.com\/index.php\/wp-json\/wp\/v2\/types\/page"}],"author":[{"embeddable":true,"href":"https:\/\/themalagafoodguide.com\/index.php\/wp-json\/wp\/v2\/users\/1"}],"replies":[{"embeddable":true,"href":"https:\/\/themalagafoodguide.com\/index.php\/wp-json\/wp\/v2\/comments?post=2997"}],"version-history":[{"count":78,"href":"https:\/\/themalagafoodguide.com\/index.php\/wp-json\/wp\/v2\/pages\/2997\/revisions"}],"predecessor-version":[{"id":4046,"href":"https:\/\/themalagafoodguide.com\/index.php\/wp-json\/wp\/v2\/pages\/2997\/revisions\/4046"}],"wp:attachment":[{"href":"https:\/\/themalagafoodguide.com\/index.php\/wp-json\/wp\/v2\/media?parent=2997"}],"curies":[{"name":"wp","href":"https:\/\/api.w.org\/{rel}","templated":true}]}}